{"id":24848,"date":"2024-11-13T18:54:17","date_gmt":"2024-11-13T18:54:17","guid":{"rendered":"https:\/\/elysianjourneys.net\/?page_id=24848"},"modified":"2025-10-01T13:12:13","modified_gmt":"2025-10-01T18:12:13","slug":"privacy-policy-2","status":"publish","type":"page","link":"https:\/\/elysianjourneys.net\/en\/politica-de-privacidad\/","title":{"rendered":"Privacy Policy"},"content":{"rendered":"<div data-elementor-type=\"wp-page\" data-elementor-id=\"24848\" class=\"elementor elementor-24848\" data-elementor-post-type=\"page\">\n\t\t\t\t<div class=\"elementor-element elementor-element-39a245f e-con-full e-flex e-con e-parent\" data-id=\"39a245f\" data-element_type=\"container\" data-e-type=\"container\" data-settings=\"{&quot;background_background&quot;:&quot;classic&quot;}\">\n\t\t\t\t<\/div>\n\t\t<div class=\"elementor-element elementor-element-260cdb8 e-flex e-con-boxed e-con e-parent\" data-id=\"260cdb8\" data-element_type=\"container\" data-e-type=\"container\">\n\t\t\t\t\t<div class=\"e-con-inner\">\n\t\t\t\t<div class=\"elementor-element elementor-element-42fae4d elementor-widget elementor-widget-text-editor\" data-id=\"42fae4d\" data-element_type=\"widget\" data-e-type=\"widget\" data-widget_type=\"text-editor.default\">\n\t\t\t\t<div class=\"elementor-widget-container\">\n\t\t\t\t\t\t\t\t\t<p>Last update: August 30, 2025.<\/p>\n<p>Our Privacy Policy not only explains how and why we use the personal information we collect, but also how you can access, update or take control of your personal information.<\/p>\n<p><strong>WHAT INFORMATION DO WE COLLECT?<\/strong><\/p>\n<p>Much of what you probably consider personal information is collected directly from you when you create an account or purchase any of our Services, request assistance from our customer service team, fill out contact forms, or request newsletters or other information.<\/p>\n<p>In addition, we obtain additional information when we provide our Services to you to ensure optimal and necessary performance.<\/p>\n<p><strong>COOKIES<\/strong><\/p>\n<p>Cookies allow us to track your browsing behavior, such as the links you click, the pages you visit and the items you purchase.<\/p>\n<p><strong>HOW DO WE USE YOUR INFORMATION?<\/strong><\/p>\n<p>We believe strongly in minimizing the data we collect and limiting its use and purpose only to that for which we have been granted permission, to the extent necessary to provide the Services you purchase or interact with, or to the extent necessary to comply with legal obligations or other lawful purposes.<\/p>\n<p><strong>HOW CAN YOU UPDATE YOUR DATA?<\/strong><\/p>\n<p>To easily access, view, update or delete your personal information, or to update your subscription preferences, log in to your Account and set up your Account. If you request to delete your personal information and such data is necessary for the services you purchased, the request will only be honored to the extent that it is no longer needed for any of the Services purchased or is necessary for our legitimate business purposes or legal or contractual recordkeeping requirements.<\/p>\n<p><strong>AGE RESTRICTIONS<\/strong><\/p>\n<p>Our Services are not directed at, intended for, or designed to entice anyone under the age of 18. If you have knowledge or reason to believe that a child under the age of 18 has provided us with personal information, please contact us by email.<\/p>\n<p><strong>MODIFICATIONS TO THE PRIVACY POLICY<\/strong><\/p>\n<p>We reserve the right to modify this Privacy Policy at any time. If we decide to change our Privacy Policy, we will post those changes to this Privacy Policy and elsewhere we deem appropriate.<\/p>\n<p><strong>CONTACT\/QUESTIONS<\/strong><\/p>\n<p>If you have any questions or concerns about this document, please send them to the contact email address listed on our website.<\/p>\n<p>E-mail: cs@elysianjourneys.net<br>Address: Colon, Colon Free Zone, 14th Street, Santa Isabel, Indeisa Building, Local 4.<\/p>\t\t\t\t\t\t\t\t<\/div>\n\t\t\t\t<\/div>\n\t\t\t\t\t<\/div>\n\t\t\t\t<\/div>\n\t\t\t\t<\/div>","protected":false},"excerpt":{"rendered":"<p>\u00daltima actualizaci\u00f3n: 30 de agosto del 2025. Nuestra Pol\u00edtica de Privacidad no s\u00f3lo explica c\u00f3mo y por qu\u00e9 utilizamos la informaci\u00f3n personal que recopilamos, sino tambi\u00e9n c\u00f3mo puede acceder, actualizar o tomar el control de su informaci\u00f3n personal. \u00bfQU\u00c9 INFORMACI\u00d3N RECOPILAMOS? Gran parte de lo que probablemente considere informaci\u00f3n personal la obtenemos directamente de usted [&hellip;]<\/p>\n","protected":false},"author":10,"featured_media":0,"parent":0,"menu_order":0,"comment_status":"closed","ping_status":"closed","template":"elementor_header_footer","meta":{"_acf_changed":false,"footnotes":""},"class_list":["post-24848","page","type-page","status-publish","hentry"],"acf":[],"_links":{"self":[{"href":"https:\/\/elysianjourneys.net\/en\/wp-json\/wp\/v2\/pages\/24848","targetHints":{"allow":["GET"]}}],"collection":[{"href":"https:\/\/elysianjourneys.net\/en\/wp-json\/wp\/v2\/pages"}],"about":[{"href":"https:\/\/elysianjourneys.net\/en\/wp-json\/wp\/v2\/types\/page"}],"author":[{"embeddable":true,"href":"https:\/\/elysianjourneys.net\/en\/wp-json\/wp\/v2\/users\/10"}],"replies":[{"embeddable":true,"href":"https:\/\/elysianjourneys.net\/en\/wp-json\/wp\/v2\/comments?post=24848"}],"version-history":[{"count":0,"href":"https:\/\/elysianjourneys.net\/en\/wp-json\/wp\/v2\/pages\/24848\/revisions"}],"wp:attachment":[{"href":"https:\/\/elysianjourneys.net\/en\/wp-json\/wp\/v2\/media?parent=24848"}],"curies":[{"name":"wp","href":"https:\/\/api.w.org\/{rel}","templated":true}]}}