{"id":30244,"date":"2025-09-12T10:06:24","date_gmt":"2025-09-12T15:06:24","guid":{"rendered":"https:\/\/elysianjourneys.net\/?page_id=30244"},"modified":"2025-10-01T13:17:57","modified_gmt":"2025-10-01T18:17:57","slug":"refund-policy-2","status":"publish","type":"page","link":"https:\/\/elysianjourneys.net\/en\/politica-de-reembolso\/","title":{"rendered":"Refund Policy"},"content":{"rendered":"<div data-elementor-type=\"wp-page\" data-elementor-id=\"30244\" class=\"elementor elementor-30244\" data-elementor-post-type=\"page\">\n\t\t\t\t<div class=\"elementor-element elementor-element-bad6fa7 e-con-full e-flex e-con e-parent\" data-id=\"bad6fa7\" data-element_type=\"container\" data-e-type=\"container\" data-settings=\"{&quot;background_background&quot;:&quot;classic&quot;}\">\n\t\t\t\t<\/div>\n\t\t<div class=\"elementor-element elementor-element-260cdb8 e-flex e-con-boxed e-con e-parent\" data-id=\"260cdb8\" data-element_type=\"container\" data-e-type=\"container\">\n\t\t\t\t\t<div class=\"e-con-inner\">\n\t\t\t\t<div class=\"elementor-element elementor-element-42fae4d elementor-widget elementor-widget-text-editor\" data-id=\"42fae4d\" data-element_type=\"widget\" data-e-type=\"widget\" data-widget_type=\"text-editor.default\">\n\t\t\t\t<div class=\"elementor-widget-container\">\n\t\t\t\t\t\t\t\t\t<p>Last update: August 30, 2025.<\/p><p>Once the customer receives the service, he\/she will have 3 working days to send an e-mail to <strong>cs@elysianjourneys.net<\/strong>indicating their dissatisfaction with the service.<\/p><p>At the time Elysian Journeys receives the email, it will review the case and if any refund is due to the customer, Elysian Journeys will have a period of 30 business days to make the refund by the same means by which the purchase of the service was made.<\/p><p><strong><br \/>Delivery Policy<\/strong><\/p><p>The purchase confirmation, electronic tickets, hotel vouchers and other documents related to the services purchased will be sent exclusively by electronic means to the e-mail address registered by the customer. Delivery will be made once availability has been validated by the corresponding suppliers, within a maximum period of 72 business hours from confirmation of payment. In the event that the documentation is not received within this period, the client must contact customer service. Elysian Journeys shall not be responsible for delays attributable to external suppliers or force majeure.<\/p><p><strong><br \/>CONTACT\/QUESTIONS<\/strong><\/p><p>If you have any questions or concerns regarding this document, please send them to the contact email address on our website.<\/p><p>E-mail: cs@elysianjourneys.net<br \/>Address: Colon, Colon Free Zone, 14th Street, Santa Isabel, Indeisa Building, Local 4.<\/p>\t\t\t\t\t\t\t\t<\/div>\n\t\t\t\t<\/div>\n\t\t\t\t\t<\/div>\n\t\t\t\t<\/div>\n\t\t\t\t<\/div>","protected":false},"excerpt":{"rendered":"<p>\u00daltima actualizaci\u00f3n: 30 de agosto del 2025. Una vez que el cliente reciba el servicio, dispondr\u00e1 de un plazo de 3 d\u00edas h\u00e1biles para enviar un correo electr\u00f3nico a cs@elysianjourneys.net, indicando su disconformidad con el servicio. En el momento en que Elysian Journeys reciba el email, revisar\u00e1 el caso y si corresponde alguna devoluci\u00f3n al [&hellip;]<\/p>\n","protected":false},"author":10,"featured_media":0,"parent":0,"menu_order":0,"comment_status":"closed","ping_status":"closed","template":"elementor_header_footer","meta":{"_acf_changed":false,"footnotes":""},"class_list":["post-30244","page","type-page","status-publish","hentry"],"acf":[],"_links":{"self":[{"href":"https:\/\/elysianjourneys.net\/en\/wp-json\/wp\/v2\/pages\/30244","targetHints":{"allow":["GET"]}}],"collection":[{"href":"https:\/\/elysianjourneys.net\/en\/wp-json\/wp\/v2\/pages"}],"about":[{"href":"https:\/\/elysianjourneys.net\/en\/wp-json\/wp\/v2\/types\/page"}],"author":[{"embeddable":true,"href":"https:\/\/elysianjourneys.net\/en\/wp-json\/wp\/v2\/users\/10"}],"replies":[{"embeddable":true,"href":"https:\/\/elysianjourneys.net\/en\/wp-json\/wp\/v2\/comments?post=30244"}],"version-history":[{"count":0,"href":"https:\/\/elysianjourneys.net\/en\/wp-json\/wp\/v2\/pages\/30244\/revisions"}],"wp:attachment":[{"href":"https:\/\/elysianjourneys.net\/en\/wp-json\/wp\/v2\/media?parent=30244"}],"curies":[{"name":"wp","href":"https:\/\/api.w.org\/{rel}","templated":true}]}}