{"id":30252,"date":"2025-09-12T10:28:11","date_gmt":"2025-09-12T15:28:11","guid":{"rendered":"https:\/\/elysianjourneys.net\/?page_id=30252"},"modified":"2025-10-01T13:17:29","modified_gmt":"2025-10-01T18:17:29","slug":"referral-policy-2","status":"publish","type":"page","link":"https:\/\/elysianjourneys.net\/en\/politica-de-referidos\/","title":{"rendered":"Referral Policy"},"content":{"rendered":"<div data-elementor-type=\"wp-page\" data-elementor-id=\"30252\" class=\"elementor elementor-30252\" data-elementor-post-type=\"page\">\n\t\t\t\t<div class=\"elementor-element elementor-element-a7cad83 e-con-full e-flex e-con e-parent\" data-id=\"a7cad83\" data-element_type=\"container\" data-e-type=\"container\" data-settings=\"{&quot;background_background&quot;:&quot;classic&quot;}\">\n\t\t\t\t<\/div>\n\t\t<div class=\"elementor-element elementor-element-260cdb8 e-flex e-con-boxed e-con e-parent\" data-id=\"260cdb8\" data-element_type=\"container\" data-e-type=\"container\">\n\t\t\t\t\t<div class=\"e-con-inner\">\n\t\t\t\t<div class=\"elementor-element elementor-element-42fae4d elementor-widget elementor-widget-text-editor\" data-id=\"42fae4d\" data-element_type=\"widget\" data-e-type=\"widget\" data-widget_type=\"text-editor.default\">\n\t\t\t\t<div class=\"elementor-widget-container\">\n\t\t\t\t\t\t\t\t\t<p>Last update: August 30, 2025.<\/p><p><strong>Introduction<\/strong><\/p><p>At Elysian Journeys, we value the trust and loyalty of our customers and believe in the power of referrals to share our love of travel and adventure. Our Referral Policy outlines the terms and conditions of our referral program, which allows customers to recommend our services to friends and family, earning rewards in return.<\/p><p><strong>Requirements<\/strong><\/p><p>To participate in the Elysian Journeys referral program, you must be a previous customer who has booked and completed a trip with us.<\/p><p><strong>Referral process<\/strong><\/p><p>Referrers: Customers who have booked and completed a tour with Elysian Journeys can recommend our services to friends, family or acquaintances.<br \/>Referred Friends: Individuals who are referred to Elysian Journeys by a customer are eligible for referral benefits, such as discounts on their tour package.<\/p><p><strong>Benefits by reference<\/strong><\/p><p>Referred friends: Customers referred to Elysian Journeys may be eligible for discounts on their tour package. The specific discount and terms and conditions will be communicated at the time of booking.<br \/>Referrals: Customers who successfully refer a friend will earn a referral bonus. This bonus can be applied to their future travel with Elysian Journeys. The referral bonus is normally credited to the referrer's account after the referred friend completes their tour.<\/p><p><strong>Successful references<\/strong><\/p><p>A referral is considered successful when the referred friend completes their reservation and payment for an Elysian Journeys tour.<\/p><p><strong>Reference limits<\/strong><\/p><p>There is no limit to the number of friends a client can refer and no limit to the referral bonuses a client can earn. Clients are encouraged to refer as many friends as they wish.<\/p><p><strong>Application of reference bonuses<\/strong><\/p><p>Referral bonuses earned by customers can be applied to any future Elysian Journeys trip booking. The bonus amount is usually deducted from the total cost of the trip at the time of payment.<\/p><p><strong>Modification and termination<\/strong><\/p><p>Elysian Journeys reserves the right to modify or terminate the referral program at any time without notice. Any such modification will be effective immediately upon posting on our website.<\/p><p><strong>Policy violation<\/strong><\/p><p>If any customer is found to have violated this policy or has engaged in fraudulent activities related to referrals, Elysian Journeys reserves the right to revoke referral benefits and take appropriate action.<\/p><p><strong>Contact with us<\/strong><\/p><p>If you have any questions, concerns or require clarification about our referral program, please contact us.<\/p><p>By participating in our referral program, you agree to the terms and conditions outlined in this policy. Elysian Journeys appreciates your support and participation in building a vibrant community of travel enthusiasts.<\/p><p><strong>Contact information:<\/strong><\/p><p>E-mail: cs@elysianjourneys.net<br \/>Address: Colon, Colon Free Zone, 14th Street, Santa Isabel, Indeisa Building, Local 4.<\/p>\t\t\t\t\t\t\t\t<\/div>\n\t\t\t\t<\/div>\n\t\t\t\t\t<\/div>\n\t\t\t\t<\/div>\n\t\t\t\t<\/div>","protected":false},"excerpt":{"rendered":"<p>\u00daltima actualizaci\u00f3n: 30 de agosto del 2025. Introducci\u00f3n En Elysian Journeys, valoramos la confianza y la lealtad de nuestros clientes y creemos en el poder de las recomendaciones para compartir nuestro amor por los viajes y la aventura. Nuestra Pol\u00edtica de Recomendaci\u00f3n describe los t\u00e9rminos y condiciones de nuestro programa de recomendaci\u00f3n, que permite a [&hellip;]<\/p>\n","protected":false},"author":10,"featured_media":0,"parent":0,"menu_order":0,"comment_status":"closed","ping_status":"closed","template":"elementor_header_footer","meta":{"_acf_changed":false,"footnotes":""},"class_list":["post-30252","page","type-page","status-publish","hentry"],"acf":[],"_links":{"self":[{"href":"https:\/\/elysianjourneys.net\/en\/wp-json\/wp\/v2\/pages\/30252","targetHints":{"allow":["GET"]}}],"collection":[{"href":"https:\/\/elysianjourneys.net\/en\/wp-json\/wp\/v2\/pages"}],"about":[{"href":"https:\/\/elysianjourneys.net\/en\/wp-json\/wp\/v2\/types\/page"}],"author":[{"embeddable":true,"href":"https:\/\/elysianjourneys.net\/en\/wp-json\/wp\/v2\/users\/10"}],"replies":[{"embeddable":true,"href":"https:\/\/elysianjourneys.net\/en\/wp-json\/wp\/v2\/comments?post=30252"}],"version-history":[{"count":0,"href":"https:\/\/elysianjourneys.net\/en\/wp-json\/wp\/v2\/pages\/30252\/revisions"}],"wp:attachment":[{"href":"https:\/\/elysianjourneys.net\/en\/wp-json\/wp\/v2\/media?parent=30252"}],"curies":[{"name":"wp","href":"https:\/\/api.w.org\/{rel}","templated":true}]}}