{"id":30257,"date":"2025-09-12T10:33:46","date_gmt":"2025-09-12T15:33:46","guid":{"rendered":"https:\/\/elysianjourneys.net\/?page_id=30257"},"modified":"2025-10-20T14:10:32","modified_gmt":"2025-10-20T19:10:32","slug":"referral-program-2","status":"publish","type":"page","link":"https:\/\/elysianjourneys.net\/en\/programa-de-referidos\/","title":{"rendered":"Referral Program"},"content":{"rendered":"<div data-elementor-type=\"wp-page\" data-elementor-id=\"30257\" class=\"elementor elementor-30257\" data-elementor-post-type=\"page\">\n\t\t\t\t<div class=\"elementor-element elementor-element-ba99d85 e-con-full e-flex e-con e-parent\" data-id=\"ba99d85\" data-element_type=\"container\" data-e-type=\"container\" data-settings=\"{&quot;background_background&quot;:&quot;classic&quot;}\">\n\t\t\t\t<\/div>\n\t\t<div class=\"elementor-element elementor-element-260cdb8 e-flex e-con-boxed e-con e-parent\" data-id=\"260cdb8\" data-element_type=\"container\" data-e-type=\"container\">\n\t\t\t\t\t<div class=\"e-con-inner\">\n\t\t\t\t<div class=\"elementor-element elementor-element-42fae4d elementor-widget elementor-widget-text-editor\" data-id=\"42fae4d\" data-element_type=\"widget\" data-e-type=\"widget\" data-widget_type=\"text-editor.default\">\n\t\t\t\t<div class=\"elementor-widget-container\">\n\t\t\t\t\t\t\t\t\t<p>At Elysian Journeys, we highly value the influence of personal recommendations and the importance of fostering a community of like-minded explorers. Our Referral Program is designed to express gratitude to our devoted customers and friends who recommend our services to others. By sharing your enthusiasm for travel and adventure with Elysian Journeys, both you and your friends stand to gain.<\/p><p><strong>How does the program work?<\/strong><\/p><p>Refer a friend: If you have found Elysian Journeys enchanting and have friends or family who are equally passionate about discovering Panama, introduce them to us.<br \/>Your friend books a tour: When your referred friend books a tour with us, they receive an exclusive discount on their tour package, our way of extending a warm welcome to the Elysian Journeys community.<br \/>You earn rewards: As a gesture of appreciation, we offer you a referral bonus. The more friends you refer, the more rewards you earn.<\/p><p><strong>Advantages of referring friends:<\/strong><\/p><ul><li><strong>Travel discounts:<\/strong> Each friend you refer enjoys a discount on their tour package, increasing the affordability and enjoyment of their adventure.<\/li><li><strong>Referral bonuses:<\/strong> With each successful referral, you earn a referral bonus that can be applied to your next Elysian Journeys trips.<\/li><\/ul><p><strong><br \/>Conditions of use:<\/strong><\/p><ul><li>The referral program is open to all customers who have previously booked a trip with us.<\/li><li>For a referral to be considered successful, your friend must complete the booking and payment for an Elysian Journeys trip.<\/li><li>Referral bonuses are normally credited to your account upon successful completion of your friend's trip.<\/li><li>Referral bonuses can be applied to any future Elysian Journeys trip.<\/li><li>There is no limit to the number of friends you can refer or the rewards you can earn.<\/li><\/ul><p><strong>Start recommending and earning<\/strong><\/p><p>Want to share your passion for travel and adventure with your friends? Encourage them to explore Panama with Elysian Journeys, and you can both enjoy the benefits of our Referral Program.<\/p><p>For references or additional information, please contact us. We value your support in expanding our travel community and look forward to embarking on even more extraordinary journeys with you and your friends.<\/p>\t\t\t\t\t\t\t\t<\/div>\n\t\t\t\t<\/div>\n\t\t\t\t\t<\/div>\n\t\t\t\t<\/div>\n\t\t\t\t<\/div>","protected":false},"excerpt":{"rendered":"<p>En Elysian Journeys, valoramos mucho la influencia de las recomendaciones personales y la importancia de fomentar una comunidad de exploradores con ideas afines. Nuestro Programa de Recomendaci\u00f3n est\u00e1 dise\u00f1ado para expresar gratitud a nuestros devotos clientes y amigos que recomiendan nuestros servicios a otros. Al compartir tu entusiasmo por los viajes y la aventura con [&hellip;]<\/p>\n","protected":false},"author":10,"featured_media":0,"parent":0,"menu_order":0,"comment_status":"closed","ping_status":"closed","template":"elementor_header_footer","meta":{"_acf_changed":false,"footnotes":""},"class_list":["post-30257","page","type-page","status-publish","hentry"],"acf":[],"_links":{"self":[{"href":"https:\/\/elysianjourneys.net\/en\/wp-json\/wp\/v2\/pages\/30257","targetHints":{"allow":["GET"]}}],"collection":[{"href":"https:\/\/elysianjourneys.net\/en\/wp-json\/wp\/v2\/pages"}],"about":[{"href":"https:\/\/elysianjourneys.net\/en\/wp-json\/wp\/v2\/types\/page"}],"author":[{"embeddable":true,"href":"https:\/\/elysianjourneys.net\/en\/wp-json\/wp\/v2\/users\/10"}],"replies":[{"embeddable":true,"href":"https:\/\/elysianjourneys.net\/en\/wp-json\/wp\/v2\/comments?post=30257"}],"version-history":[{"count":0,"href":"https:\/\/elysianjourneys.net\/en\/wp-json\/wp\/v2\/pages\/30257\/revisions"}],"wp:attachment":[{"href":"https:\/\/elysianjourneys.net\/en\/wp-json\/wp\/v2\/media?parent=30257"}],"curies":[{"name":"wp","href":"https:\/\/api.w.org\/{rel}","templated":true}]}}