{"id":32874,"date":"2025-10-20T18:14:06","date_gmt":"2025-10-20T23:14:06","guid":{"rendered":"https:\/\/elysianjourneys.net\/?page_id=32874"},"modified":"2025-10-20T18:14:28","modified_gmt":"2025-10-20T23:14:28","slug":"tours","status":"publish","type":"page","link":"https:\/\/elysianjourneys.net\/en\/tours\/","title":{"rendered":"Tours"},"content":{"rendered":"\t\t<div data-elementor-type=\"wp-page\" data-elementor-id=\"32874\" class=\"elementor elementor-32874\" data-elementor-post-type=\"page\">\n\t\t\t\t<div class=\"elementor-element elementor-element-ef97a2b e-con-full e-flex e-con e-parent\" data-id=\"ef97a2b\" data-element_type=\"container\" data-e-type=\"container\" data-settings=\"{&quot;background_background&quot;:&quot;slideshow&quot;,&quot;background_slideshow_gallery&quot;:[{&quot;id&quot;:30968,&quot;url&quot;:&quot;https:\\\/\\\/elysianjourneys.net\\\/wp-content\\\/uploads\\\/2025\\\/09\\\/barca-playa-panama-san-blas.jpg&quot;},{&quot;id&quot;:30456,&quot;url&quot;:&quot;https:\\\/\\\/elysianjourneys.net\\\/wp-content\\\/uploads\\\/2025\\\/09\\\/BANNER-Panama2.jpg&quot;},{&quot;id&quot;:30973,&quot;url&quot;:&quot;https:\\\/\\\/elysianjourneys.net\\\/wp-content\\\/uploads\\\/2025\\\/09\\\/san-blas-panama-banner-3.jpg&quot;},{&quot;id&quot;:30962,&quot;url&quot;:&quot;https:\\\/\\\/elysianjourneys.net\\\/wp-content\\\/uploads\\\/2025\\\/09\\\/canal-panama-embarcacion-puente.jpg&quot;}],&quot;background_slideshow_ken_burns&quot;:&quot;yes&quot;,&quot;background_slideshow_slide_duration&quot;:8000,&quot;background_slideshow_transition_duration&quot;:800,&quot;background_slideshow_loop&quot;:&quot;yes&quot;,&quot;background_slideshow_slide_transition&quot;:&quot;fade&quot;,&quot;background_slideshow_ken_burns_zoom_direction&quot;:&quot;in&quot;}\">\n\t\t\t\t<\/div>\n\t\t<div class=\"elementor-element elementor-element-5eee907 e-flex e-con-boxed e-con e-parent\" data-id=\"5eee907\" data-element_type=\"container\" data-e-type=\"container\">\n\t\t\t\t\t<div class=\"e-con-inner\">\n\t\t<div class=\"elementor-element elementor-element-5bc2c31 e-con-full e-flex e-con e-child\" data-id=\"5bc2c31\" data-element_type=\"container\" data-e-type=\"container\">\n\t\t<div class=\"elementor-element elementor-element-085d061 e-con-full e-flex e-con e-child\" data-id=\"085d061\" data-element_type=\"container\" data-e-type=\"container\">\n\t\t\t\t<div class=\"elementor-element elementor-element-1fdd4b9 elementor-widget elementor-widget-heading\" data-id=\"1fdd4b9\" data-element_type=\"widget\" data-e-type=\"widget\" data-widget_type=\"heading.default\">\n\t\t\t\t<div class=\"elementor-widget-container\">\n\t\t\t\t\t<h2 class=\"elementor-heading-title elementor-size-default\">\u00bfPor qu\u00e9 <a style=\"color:black\">elegirnos?<\/a>\n<\/h2>\t\t\t\t<\/div>\n\t\t\t\t<\/div>\n\t\t\t\t<div class=\"elementor-element elementor-element-bb02a7c elementor-widget elementor-widget-text-editor\" data-id=\"bb02a7c\" data-element_type=\"widget\" data-e-type=\"widget\" data-widget_type=\"text-editor.default\">\n\t\t\t\t<div class=\"elementor-widget-container\">\n\t\t\t\t\t\t\t\t\tNuestros Destacados Tours Extendidos\t\t\t\t\t\t\t\t<\/div>\n\t\t\t\t<\/div>\n\t\t\t\t<div class=\"elementor-element elementor-element-43d8bb4 elementor-widget elementor-widget-text-editor\" data-id=\"43d8bb4\" data-element_type=\"widget\" data-e-type=\"widget\" data-widget_type=\"text-editor.default\">\n\t\t\t\t<div class=\"elementor-widget-container\">\n\t\t\t\t\t\t\t\t\t<p>En Elysian Journeys, te presentamos una variada selecci\u00f3n de excursiones de varios d\u00edas que te permitir\u00e1n sumergirte en la variada belleza de Panam\u00e1. Explora playas v\u00edrgenes, selvas verdes, comunidades ind\u00edgenas y pueblos encantadores.<\/p><p>Cada excursi\u00f3n est\u00e1 cuidadosamente seleccionada para ofrecerte una aventura especial.<\/p>\t\t\t\t\t\t\t\t<\/div>\n\t\t\t\t<\/div>\n\t\t\t\t<\/div>\n\t\t\t\t<\/div>\n\t\t<div class=\"elementor-element elementor-element-5334595 e-con-full e-flex e-con e-child\" data-id=\"5334595\" data-element_type=\"container\" data-e-type=\"container\" data-settings=\"{&quot;background_background&quot;:&quot;classic&quot;}\">\n\t\t\t\t<\/div>\n\t\t\t\t\t<\/div>\n\t\t\t\t<\/div>\n\t\t<div class=\"elementor-element elementor-element-cc2ff23 e-flex e-con-boxed e-con e-parent\" data-id=\"cc2ff23\" data-element_type=\"container\" data-e-type=\"container\">\n\t\t\t\t\t<div class=\"e-con-inner\">\n\t\t\t\t<div class=\"elementor-element elementor-element-46bb2cb elementor-widget elementor-widget-heading\" data-id=\"46bb2cb\" data-element_type=\"widget\" data-e-type=\"widget\" data-widget_type=\"heading.default\">\n\t\t\t\t<div class=\"elementor-widget-container\">\n\t\t\t\t\t<h2 class=\"elementor-heading-title elementor-size-default\">Tours m\u00e1s <a style=\"color:black\">buscados<\/a><\/h2>\t\t\t\t<\/div>\n\t\t\t\t<\/div>\n\t\t\t\t\t<\/div>\n\t\t\t\t<\/div>\n\t\t<div class=\"elementor-element elementor-element-69f53a5 e-flex e-con-boxed e-con e-parent\" data-id=\"69f53a5\" data-element_type=\"container\" data-e-type=\"container\">\n\t\t\t\t\t<div class=\"e-con-inner\">\n\t\t<div class=\"elementor-element elementor-element-a9f8211 e-con-full e-flex e-con e-child\" data-id=\"a9f8211\" data-element_type=\"container\" data-e-type=\"container\">\n\t\t<div class=\"elementor-element elementor-element-974b04c e-con-full e-flex e-con e-child\" data-id=\"974b04c\" data-element_type=\"container\" data-e-type=\"container\" data-settings=\"{&quot;background_background&quot;:&quot;classic&quot;}\">\n\t\t\t\t<div class=\"elementor-element elementor-element-bd97f10 elementor-widget elementor-widget-heading\" data-id=\"bd97f10\" data-element_type=\"widget\" data-e-type=\"widget\" data-widget_type=\"heading.default\">\n\t\t\t\t<div class=\"elementor-widget-container\">\n\t\t\t\t\t<h2 class=\"elementor-heading-title elementor-size-default\">Expedici\u00f3n Panam\u00e1: Del Encanto Urbano a la Selva Tropical<\/h2>\t\t\t\t<\/div>\n\t\t\t\t<\/div>\n\t\t\t\t<div class=\"elementor-element elementor-element-cd0d85c elementor-widget elementor-widget-text-editor\" data-id=\"cd0d85c\" data-element_type=\"widget\" data-e-type=\"widget\" data-widget_type=\"text-editor.default\">\n\t\t\t\t<div class=\"elementor-widget-container\">\n\t\t\t\t\t\t\t\t\t<p><strong>Duraci\u00f3n: 5 d\u00edas<\/strong><br \/>Descubre los din\u00e1micos contrastes de Ciudad de Panam\u00e1, donde el moderno paisaje urbano converge con la exuberante selva. Descubre las maravillas del Canal de Panam\u00e1, pasea por el hist\u00f3rico Casco Viejo y ad\u00e9ntrate en la selva tropical del Parque Nacional de Chagres.<\/p>\t\t\t\t\t\t\t\t<\/div>\n\t\t\t\t<\/div>\n\t\t\t\t<div class=\"elementor-element elementor-element-bc0f459 elementor-widget elementor-widget-button\" data-id=\"bc0f459\" data-element_type=\"widget\" data-e-type=\"widget\" data-widget_type=\"button.default\">\n\t\t\t\t<div class=\"elementor-widget-container\">\n\t\t\t\t\t\t\t\t\t<div class=\"elementor-button-wrapper\">\n\t\t\t\t\t<a class=\"elementor-button elementor-button-link elementor-size-xs\" href=\"https:\/\/elysianjourneys.net\/en\/producto\/expedicion-panama-del-encanto-urbano-a-la-selva-tropical\/\">\n\t\t\t\t\t\t<span class=\"elementor-button-content-wrapper\">\n\t\t\t\t\t\t\t\t\t<span class=\"elementor-button-text\">Explorar<\/span>\n\t\t\t\t\t<\/span>\n\t\t\t\t\t<\/a>\n\t\t\t\t<\/div>\n\t\t\t\t\t\t\t\t<\/div>\n\t\t\t\t<\/div>\n\t\t\t\t<\/div>\n\t\t\t\t<\/div>\n\t\t<div class=\"elementor-element elementor-element-981d476 e-con-full e-flex e-con e-child\" data-id=\"981d476\" data-element_type=\"container\" data-e-type=\"container\">\n\t\t<div class=\"elementor-element elementor-element-a5bc870 e-con-full e-flex e-con e-child\" data-id=\"a5bc870\" data-element_type=\"container\" data-e-type=\"container\" data-settings=\"{&quot;background_background&quot;:&quot;classic&quot;}\">\n\t\t\t\t<div class=\"elementor-element elementor-element-ca055ba elementor-align-right elementor-widget elementor-widget-button\" data-id=\"ca055ba\" data-element_type=\"widget\" data-e-type=\"widget\" data-widget_type=\"button.default\">\n\t\t\t\t<div class=\"elementor-widget-container\">\n\t\t\t\t\t\t\t\t\t<div class=\"elementor-button-wrapper\">\n\t\t\t\t\t<a class=\"elementor-button elementor-button-link elementor-size-xs\" href=\"https:\/\/elysianjourneys.net\/en\/producto\/bocas-del-toro-cuatro-dias-en-un-paraiso-tropical\/\">\n\t\t\t\t\t\t<span class=\"elementor-button-content-wrapper\">\n\t\t\t\t\t\t\t\t\t<span class=\"elementor-button-text\">Explorar<\/span>\n\t\t\t\t\t<\/span>\n\t\t\t\t\t<\/a>\n\t\t\t\t<\/div>\n\t\t\t\t\t\t\t\t<\/div>\n\t\t\t\t<\/div>\n\t\t\t\t<div class=\"elementor-element elementor-element-35f890b elementor-widget elementor-widget-heading\" data-id=\"35f890b\" data-element_type=\"widget\" data-e-type=\"widget\" data-widget_type=\"heading.default\">\n\t\t\t\t<div class=\"elementor-widget-container\">\n\t\t\t\t\t<h2 class=\"elementor-heading-title elementor-size-default\">Bocas del Toro: Cuatro D\u00edas en un Para\u00edso Tropical<\/h2>\t\t\t\t<\/div>\n\t\t\t\t<\/div>\n\t\t\t\t<div class=\"elementor-element elementor-element-5f18af4 elementor-widget elementor-widget-text-editor\" data-id=\"5f18af4\" data-element_type=\"widget\" data-e-type=\"widget\" data-widget_type=\"text-editor.default\">\n\t\t\t\t<div class=\"elementor-widget-container\">\n\t\t\t\t\t\t\t\t\t<p><strong>Duraci\u00f3n: 4 d\u00edas<\/strong><br \/>Explora el cautivador archipi\u00e9lago de Bocas del Toro, donde las playas tropicales, las aguas cristalinas y la vibrante vida marina te encantar\u00e1n. Si buscas el sol, mar y relajaci\u00f3n, este viaje invita a explorar el mundo submarino haciendo snorkel o relaj\u00e1ndote en playas v\u00edrgenes.<\/p>\t\t\t\t\t\t\t\t<\/div>\n\t\t\t\t<\/div>\n\t\t\t\t<\/div>\n\t\t\t\t<\/div>\n\t\t\t\t\t<\/div>\n\t\t\t\t<\/div>\n\t\t<div class=\"elementor-element elementor-element-7caec21 e-flex e-con-boxed e-con e-parent\" data-id=\"7caec21\" data-element_type=\"container\" data-e-type=\"container\">\n\t\t\t\t\t<div class=\"e-con-inner\">\n\t\t<div class=\"elementor-element elementor-element-502fff2 e-con-full e-flex e-con e-child\" data-id=\"502fff2\" data-element_type=\"container\" data-e-type=\"container\">\n\t\t<div class=\"elementor-element elementor-element-91b9080 e-con-full e-flex e-con e-child\" data-id=\"91b9080\" data-element_type=\"container\" data-e-type=\"container\" data-settings=\"{&quot;background_background&quot;:&quot;classic&quot;}\">\n\t\t\t\t<div class=\"elementor-element elementor-element-3435bd0 elementor-widget elementor-widget-heading\" data-id=\"3435bd0\" data-element_type=\"widget\" data-e-type=\"widget\" data-widget_type=\"heading.default\">\n\t\t\t\t<div class=\"elementor-widget-container\">\n\t\t\t\t\t<h2 class=\"elementor-heading-title elementor-size-default\">Tierras Altas de Boquete<\/h2>\t\t\t\t<\/div>\n\t\t\t\t<\/div>\n\t\t\t\t<div class=\"elementor-element elementor-element-91e5e06 elementor-widget elementor-widget-text-editor\" data-id=\"91e5e06\" data-element_type=\"widget\" data-e-type=\"widget\" data-widget_type=\"text-editor.default\">\n\t\t\t\t<div class=\"elementor-widget-container\">\n\t\t\t\t\t\t\t\t\t<p><strong>Duraci\u00f3n: 6 d\u00edas<\/strong><br \/>Esc\u00e1pate al refrescante refugio monta\u00f1oso de Boquete, un oasis para los entusiastas de la naturaleza y los aficionados al caf\u00e9. Explora bosques nubosos, camina hasta impresionantes cascadas y saborea el mundialmente aclamado caf\u00e9 paname\u00f1o. Este viaje ofrece tranquilidad y esplendor natural.<\/p>\t\t\t\t\t\t\t\t<\/div>\n\t\t\t\t<\/div>\n\t\t\t\t<div class=\"elementor-element elementor-element-6a823d9 elementor-widget elementor-widget-button\" data-id=\"6a823d9\" data-element_type=\"widget\" data-e-type=\"widget\" data-widget_type=\"button.default\">\n\t\t\t\t<div class=\"elementor-widget-container\">\n\t\t\t\t\t\t\t\t\t<div class=\"elementor-button-wrapper\">\n\t\t\t\t\t<a class=\"elementor-button elementor-button-link elementor-size-xs\" href=\"https:\/\/elysianjourneys.net\/en\/producto\/escapada-a-las-tierras-altas-de-boquete\/\">\n\t\t\t\t\t\t<span class=\"elementor-button-content-wrapper\">\n\t\t\t\t\t\t\t\t\t<span class=\"elementor-button-text\">Explorar<\/span>\n\t\t\t\t\t<\/span>\n\t\t\t\t\t<\/a>\n\t\t\t\t<\/div>\n\t\t\t\t\t\t\t\t<\/div>\n\t\t\t\t<\/div>\n\t\t\t\t<\/div>\n\t\t\t\t<\/div>\n\t\t<div class=\"elementor-element elementor-element-b530ed3 e-con-full e-flex e-con e-child\" data-id=\"b530ed3\" data-element_type=\"container\" data-e-type=\"container\">\n\t\t<div class=\"elementor-element elementor-element-f0d1297 e-con-full e-flex e-con e-child\" data-id=\"f0d1297\" data-element_type=\"container\" data-e-type=\"container\" data-settings=\"{&quot;background_background&quot;:&quot;classic&quot;}\">\n\t\t\t\t<div class=\"elementor-element elementor-element-d78e5b7 elementor-widget elementor-widget-button\" data-id=\"d78e5b7\" data-element_type=\"widget\" data-e-type=\"widget\" data-widget_type=\"button.default\">\n\t\t\t\t<div class=\"elementor-widget-container\">\n\t\t\t\t\t\t\t\t\t<div class=\"elementor-button-wrapper\">\n\t\t\t\t\t<a class=\"elementor-button elementor-button-link elementor-size-xs\" href=\"https:\/\/elysianjourneys.net\/en\/producto\/kuna-yala-y-san-blas-un-encuentro-con-la-cultura-y-el-mar-caribe\/\">\n\t\t\t\t\t\t<span class=\"elementor-button-content-wrapper\">\n\t\t\t\t\t\t\t\t\t<span class=\"elementor-button-text\">Explorar<\/span>\n\t\t\t\t\t<\/span>\n\t\t\t\t\t<\/a>\n\t\t\t\t<\/div>\n\t\t\t\t\t\t\t\t<\/div>\n\t\t\t\t<\/div>\n\t\t\t\t<div class=\"elementor-element elementor-element-884189b elementor-widget elementor-widget-heading\" data-id=\"884189b\" data-element_type=\"widget\" data-e-type=\"widget\" data-widget_type=\"heading.default\">\n\t\t\t\t<div class=\"elementor-widget-container\">\n\t\t\t\t\t<h2 class=\"elementor-heading-title elementor-size-default\">Kuna Yala y San Blas: Un Encuentro con la Cultura y el Mar Caribe<\/h2>\t\t\t\t<\/div>\n\t\t\t\t<\/div>\n\t\t\t\t<div class=\"elementor-element elementor-element-8f43a14 elementor-widget elementor-widget-text-editor\" data-id=\"8f43a14\" data-element_type=\"widget\" data-e-type=\"widget\" data-widget_type=\"text-editor.default\">\n\t\t\t\t<div class=\"elementor-widget-container\">\n\t\t\t\t\t\t\t\t\t<p><strong>Duraci\u00f3n: 7 d\u00edas<\/strong><br>Conoce la cultura de los ind\u00edgenas Kuna Yala mientras disfrutas del encanto de las Islas San Blas. Sum\u00e9rgete en aguas cristalinas, pasea por playas de arena blanca y entra en contacto con una vibrante comunidad ind\u00edgena. Este viaje ofrece una experiencia aut\u00e9ntica y paradis\u00edaca.<\/p>\t\t\t\t\t\t\t\t<\/div>\n\t\t\t\t<\/div>\n\t\t\t\t<\/div>\n\t\t\t\t<\/div>\n\t\t\t\t\t<\/div>\n\t\t\t\t<\/div>\n\t\t<div class=\"elementor-element elementor-element-78cbe6c e-flex e-con-boxed e-con e-parent\" data-id=\"78cbe6c\" data-element_type=\"container\" data-e-type=\"container\">\n\t\t\t\t\t<div class=\"e-con-inner\">\n\t\t\t\t<div class=\"elementor-element elementor-element-2507b87 elementor-widget elementor-widget-heading\" data-id=\"2507b87\" data-element_type=\"widget\" data-e-type=\"widget\" data-widget_type=\"heading.default\">\n\t\t\t\t<div class=\"elementor-widget-container\">\n\t\t\t\t\t<h2 class=\"elementor-heading-title elementor-size-default\">Otros <a style=\"color:black\">tours<\/a><\/h2>\t\t\t\t<\/div>\n\t\t\t\t<\/div>\n\t\t\t\t<div class=\"elementor-element elementor-element-e4afe50 elementor-product-loop-item--align-center elementor-product-loop-item--align-center elementor-grid-3 elementor-widget__width-initial elementor-grid-tablet-3 elementor-grid-mobile-2 elementor-products-grid elementor-wc-products elementor-widget elementor-widget-woocommerce-products\" data-id=\"e4afe50\" data-element_type=\"widget\" data-e-type=\"widget\" data-widget_type=\"woocommerce-products.default\">\n\t\t\t\t<div class=\"elementor-widget-container\">\n\t\t\t\t\t<div class=\"woocommerce columns-3 \"><ul class=\"products elementor-grid columns-3\">\n<li class=\"product type-product post-32639 status-publish first instock product_cat-tours has-post-thumbnail shipping-taxable purchasable product-type-simple\">\n\t<a href=\"https:\/\/elysianjourneys.net\/en\/producto\/escapada-ecologica-al-parque-nacional-soberania\/\" class=\"woocommerce-LoopProduct-link woocommerce-loop-product__link\"><img fetchpriority=\"high\" decoding=\"async\" width=\"300\" height=\"300\" src=\"https:\/\/elysianjourneys.net\/wp-content\/uploads\/2025\/10\/26-parque-nacional-soberania-300x300.jpg\" class=\"attachment-woocommerce_thumbnail size-woocommerce_thumbnail\" alt=\"Escapada Ecol\u00f3gica al Parque Nacional Soberan\u00eda\" srcset=\"https:\/\/elysianjourneys.net\/wp-content\/uploads\/2025\/10\/26-parque-nacional-soberania-300x300.jpg 300w, https:\/\/elysianjourneys.net\/wp-content\/uploads\/2025\/10\/26-parque-nacional-soberania-150x150.jpg 150w, https:\/\/elysianjourneys.net\/wp-content\/uploads\/2025\/10\/26-parque-nacional-soberania-100x100.jpg 100w\" sizes=\"(max-width: 300px) 100vw, 300px\" \/><h2 class=\"woocommerce-loop-product__title\">Escapada Ecol\u00f3gica al Parque Nacional Soberan\u00eda<\/h2>\n\t<span class=\"price\"><span class=\"woocommerce-Price-amount amount\"><bdi><span class=\"woocommerce-Price-currencySymbol\">&#36;<\/span>389.99<\/bdi><\/span><\/span>\n<\/a><div class=\"woocommerce-loop-product__buttons\"><a href=\"\/en\/wp-json\/wp\/v2\/pages\/32874?add-to-cart=32639\" aria-describedby=\"woocommerce_loop_add_to_cart_link_describedby_32639\" data-quantity=\"1\" class=\"button product_type_simple add_to_cart_button ajax_add_to_cart\" data-product_id=\"32639\" data-product_sku=\"\" aria-label=\"Add to cart: &ldquo;Escapada Ecol\u00f3gica al Parque Nacional Soberan\u00eda&rdquo;\" rel=\"nofollow\" data-success_message=\"&ldquo;Escapada Ecol\u00f3gica al Parque Nacional Soberan\u00eda&rdquo; has been added to your cart\">Add to cart<\/a><\/div>\t<span id=\"woocommerce_loop_add_to_cart_link_describedby_32639\" class=\"screen-reader-text\">\n\t\t\t<\/span>\n<\/li>\n<li class=\"product type-product post-32643 status-publish instock product_cat-tours has-post-thumbnail shipping-taxable purchasable product-type-simple\">\n\t<a href=\"https:\/\/elysianjourneys.net\/en\/producto\/ruta-del-cafe-y-la-niebla-escapada-de-lujo-a-boquete\/\" class=\"woocommerce-LoopProduct-link woocommerce-loop-product__link\"><img decoding=\"async\" width=\"300\" height=\"300\" src=\"https:\/\/elysianjourneys.net\/wp-content\/uploads\/2025\/10\/28-boquete-300x300.jpg\" class=\"attachment-woocommerce_thumbnail size-woocommerce_thumbnail\" alt=\"Ruta del Caf\u00e9 y la Niebla: Escapada de Lujo a Boquete\" srcset=\"https:\/\/elysianjourneys.net\/wp-content\/uploads\/2025\/10\/28-boquete-300x300.jpg 300w, https:\/\/elysianjourneys.net\/wp-content\/uploads\/2025\/10\/28-boquete-150x150.jpg 150w, https:\/\/elysianjourneys.net\/wp-content\/uploads\/2025\/10\/28-boquete-100x100.jpg 100w\" sizes=\"(max-width: 300px) 100vw, 300px\" \/><h2 class=\"woocommerce-loop-product__title\">Ruta del Caf\u00e9 y la Niebla: Escapada de Lujo a Boquete<\/h2>\n\t<span class=\"price\"><span class=\"woocommerce-Price-amount amount\"><bdi><span class=\"woocommerce-Price-currencySymbol\">&#36;<\/span>1,299.00<\/bdi><\/span><\/span>\n<\/a><div class=\"woocommerce-loop-product__buttons\"><a href=\"\/en\/wp-json\/wp\/v2\/pages\/32874?add-to-cart=32643\" aria-describedby=\"woocommerce_loop_add_to_cart_link_describedby_32643\" data-quantity=\"1\" class=\"button product_type_simple add_to_cart_button ajax_add_to_cart\" data-product_id=\"32643\" data-product_sku=\"\" aria-label=\"Add to cart: &ldquo;Ruta del Caf\u00e9 y la Niebla: Escapada de Lujo a Boquete&rdquo;\" rel=\"nofollow\" data-success_message=\"&ldquo;Ruta del Caf\u00e9 y la Niebla: Escapada de Lujo a Boquete&rdquo; has been added to your cart\">Add to cart<\/a><\/div>\t<span id=\"woocommerce_loop_add_to_cart_link_describedby_32643\" class=\"screen-reader-text\">\n\t\t\t<\/span>\n<\/li>\n<li class=\"product type-product post-32645 status-publish last instock product_cat-tours has-post-thumbnail shipping-taxable purchasable product-type-simple\">\n\t<a href=\"https:\/\/elysianjourneys.net\/en\/producto\/crucero-privado-de-lujo-panama-y-san-blas-en-5-dias\/\" class=\"woocommerce-LoopProduct-link woocommerce-loop-product__link\"><img decoding=\"async\" width=\"300\" height=\"300\" src=\"https:\/\/elysianjourneys.net\/wp-content\/uploads\/2025\/10\/29-crucero-1-300x300.jpg\" class=\"attachment-woocommerce_thumbnail size-woocommerce_thumbnail\" alt=\"Crucero Privado de Lujo: Panam\u00e1 y San Blas en 5 D\u00edas\" srcset=\"https:\/\/elysianjourneys.net\/wp-content\/uploads\/2025\/10\/29-crucero-1-300x300.jpg 300w, https:\/\/elysianjourneys.net\/wp-content\/uploads\/2025\/10\/29-crucero-1-150x150.jpg 150w, https:\/\/elysianjourneys.net\/wp-content\/uploads\/2025\/10\/29-crucero-1-100x100.jpg 100w\" sizes=\"(max-width: 300px) 100vw, 300px\" \/><h2 class=\"woocommerce-loop-product__title\">Crucero Privado de Lujo: Panam\u00e1 y San Blas en 5 D\u00edas<\/h2>\n\t<span class=\"price\"><span class=\"woocommerce-Price-amount amount\"><bdi><span class=\"woocommerce-Price-currencySymbol\">&#36;<\/span>4,250.00<\/bdi><\/span><\/span>\n<\/a><div class=\"woocommerce-loop-product__buttons\"><a href=\"\/en\/wp-json\/wp\/v2\/pages\/32874?add-to-cart=32645\" aria-describedby=\"woocommerce_loop_add_to_cart_link_describedby_32645\" data-quantity=\"1\" class=\"button product_type_simple add_to_cart_button ajax_add_to_cart\" data-product_id=\"32645\" data-product_sku=\"\" aria-label=\"Add to cart: &ldquo;Crucero Privado de Lujo: Panam\u00e1 y San Blas en 5 D\u00edas&rdquo;\" rel=\"nofollow\" data-success_message=\"&ldquo;Crucero Privado de Lujo: Panam\u00e1 y San Blas en 5 D\u00edas&rdquo; has been added to your cart\">Add to cart<\/a><\/div>\t<span id=\"woocommerce_loop_add_to_cart_link_describedby_32645\" class=\"screen-reader-text\">\n\t\t\t<\/span>\n<\/li>\n<\/ul>\n<\/div>\t\t\t\t<\/div>\n\t\t\t\t<\/div>\n\t\t\t\t<div class=\"elementor-element elementor-element-1d22770 elementor-align-center elementor-mobile-align-center elementor-widget elementor-widget-button\" data-id=\"1d22770\" data-element_type=\"widget\" data-e-type=\"widget\" data-widget_type=\"button.default\">\n\t\t\t\t<div class=\"elementor-widget-container\">\n\t\t\t\t\t\t\t\t\t<div class=\"elementor-button-wrapper\">\n\t\t\t\t\t<a class=\"elementor-button elementor-button-link elementor-size-xs\" href=\"https:\/\/elysianjourneys.net\/en\/tienda\/\">\n\t\t\t\t\t\t<span class=\"elementor-button-content-wrapper\">\n\t\t\t\t\t\t\t\t\t<span class=\"elementor-button-text\">Descubra m\u00e1s<\/span>\n\t\t\t\t\t<\/span>\n\t\t\t\t\t<\/a>\n\t\t\t\t<\/div>\n\t\t\t\t\t\t\t\t<\/div>\n\t\t\t\t<\/div>\n\t\t\t\t\t<\/div>\n\t\t\t\t<\/div>\n\t\t<div class=\"elementor-element elementor-element-c41dee6 e-flex e-con-boxed e-con e-parent\" data-id=\"c41dee6\" data-element_type=\"container\" data-e-type=\"container\">\n\t\t\t\t\t<div class=\"e-con-inner\">\n\t\t<div class=\"elementor-element elementor-element-c6c59d0 e-con-full e-flex e-con e-child\" data-id=\"c6c59d0\" data-element_type=\"container\" data-e-type=\"container\">\n\t\t<div class=\"elementor-element elementor-element-8b7a551 e-con-full e-flex e-con e-child\" data-id=\"8b7a551\" data-element_type=\"container\" data-e-type=\"container\" data-settings=\"{&quot;background_background&quot;:&quot;classic&quot;}\">\n\t\t\t\t<div class=\"elementor-element elementor-element-f16f2f7 elementor-align-center elementor-invisible elementor-widget elementor-widget-button\" data-id=\"f16f2f7\" data-element_type=\"widget\" data-e-type=\"widget\" data-settings=\"{&quot;_animation&quot;:&quot;fadeIn&quot;}\" data-widget_type=\"button.default\">\n\t\t\t\t<div class=\"elementor-widget-container\">\n\t\t\t\t\t\t\t\t\t<div class=\"elementor-button-wrapper\">\n\t\t\t\t\t<a class=\"elementor-button elementor-button-link elementor-size-xs\" href=\"https:\/\/elysianjourneys.net\/en\/contacto\/\">\n\t\t\t\t\t\t<span class=\"elementor-button-content-wrapper\">\n\t\t\t\t\t\t\t\t\t<span class=\"elementor-button-text\">Contacto<\/span>\n\t\t\t\t\t<\/span>\n\t\t\t\t\t<\/a>\n\t\t\t\t<\/div>\n\t\t\t\t\t\t\t\t<\/div>\n\t\t\t\t<\/div>\n\t\t\t\t<div class=\"elementor-element elementor-element-6157227 elementor-widget elementor-widget-heading\" data-id=\"6157227\" data-element_type=\"widget\" data-e-type=\"widget\" data-widget_type=\"heading.default\">\n\t\t\t\t<div class=\"elementor-widget-container\">\n\t\t\t\t\t<h2 class=\"elementor-heading-title elementor-size-default\">Reserva tu pr\u00f3xima aventura<\/h2>\t\t\t\t<\/div>\n\t\t\t\t<\/div>\n\t\t\t\t<div class=\"elementor-element elementor-element-6316f41 elementor-widget elementor-widget-text-editor\" data-id=\"6316f41\" data-element_type=\"widget\" data-e-type=\"widget\" data-widget_type=\"text-editor.default\">\n\t\t\t\t<div class=\"elementor-widget-container\">\n\t\t\t\t\t\t\t\t\t<p>\u00bfQuieres comenzar uno de nuestros viajes de varios d\u00edas?<\/p>\t\t\t\t\t\t\t\t<\/div>\n\t\t\t\t<\/div>\n\t\t\t\t<div class=\"elementor-element elementor-element-d61bb8d elementor-widget elementor-widget-text-editor\" data-id=\"d61bb8d\" data-element_type=\"widget\" data-e-type=\"widget\" data-widget_type=\"text-editor.default\">\n\t\t\t\t<div class=\"elementor-widget-container\">\n\t\t\t\t\t\t\t\t\t<p>Visita nuestra p\u00e1gina de contacto para ponerte en contacto con nuestro equipo. Estamos aqu\u00ed para ayudarte en la planificaci\u00f3n de tu viaje ideal a Panam\u00e1, asegurando que tu aventura con Elysian Journeys est\u00e9 repleta de experiencias duraderas y recuerdos inolvidables.<\/p>\t\t\t\t\t\t\t\t<\/div>\n\t\t\t\t<\/div>\n\t\t\t\t<\/div>\n\t\t\t\t<\/div>\n\t\t\t\t\t<\/div>\n\t\t\t\t<\/div>\n\t\t\t\t<\/div>\n\t\t","protected":false},"excerpt":{"rendered":"<p>\u00bfPor qu\u00e9 elegirnos? Nuestros Destacados Tours Extendidos En Elysian Journeys, te presentamos una variada selecci\u00f3n de excursiones de varios d\u00edas que te permitir\u00e1n sumergirte en la variada belleza de Panam\u00e1. Explora playas v\u00edrgenes, selvas verdes, comunidades ind\u00edgenas y pueblos encantadores. Cada excursi\u00f3n est\u00e1 cuidadosamente seleccionada para ofrecerte una aventura especial. Tours m\u00e1s buscados Expedici\u00f3n Panam\u00e1: [&hellip;]<\/p>\n","protected":false},"author":10,"featured_media":0,"parent":0,"menu_order":0,"comment_status":"closed","ping_status":"closed","template":"elementor_header_footer","meta":{"_acf_changed":false,"footnotes":""},"class_list":["post-32874","page","type-page","status-publish","hentry"],"acf":[],"_links":{"self":[{"href":"https:\/\/elysianjourneys.net\/en\/wp-json\/wp\/v2\/pages\/32874","targetHints":{"allow":["GET"]}}],"collection":[{"href":"https:\/\/elysianjourneys.net\/en\/wp-json\/wp\/v2\/pages"}],"about":[{"href":"https:\/\/elysianjourneys.net\/en\/wp-json\/wp\/v2\/types\/page"}],"author":[{"embeddable":true,"href":"https:\/\/elysianjourneys.net\/en\/wp-json\/wp\/v2\/users\/10"}],"replies":[{"embeddable":true,"href":"https:\/\/elysianjourneys.net\/en\/wp-json\/wp\/v2\/comments?post=32874"}],"version-history":[{"count":0,"href":"https:\/\/elysianjourneys.net\/en\/wp-json\/wp\/v2\/pages\/32874\/revisions"}],"wp:attachment":[{"href":"https:\/\/elysianjourneys.net\/en\/wp-json\/wp\/v2\/media?parent=32874"}],"curies":[{"name":"wp","href":"https:\/\/api.w.org\/{rel}","templated":true}]}}