{"id":32639,"date":"2025-10-17T08:12:29","date_gmt":"2025-10-17T13:12:29","guid":{"rendered":"https:\/\/elysianjourneys.net\/?post_type=product&#038;p=32639"},"modified":"2026-02-26T13:58:31","modified_gmt":"2026-02-26T18:58:31","slug":"ecological-getaway-to-sovereignty-national-park","status":"publish","type":"product","link":"https:\/\/elysianjourneys.net\/en\/producto\/escapada-ecologica-al-parque-nacional-soberania\/","title":{"rendered":"Ecological Getaway to Soberania National Park"},"content":{"rendered":"<p data-start=\"3953\" data-end=\"4093\"><strong data-start=\"3953\" data-end=\"3980\">About the tour:<\/strong><br data-start=\"3980\" data-end=\"3983\" \/>Includes eco-lodge lodging, guided hikes, bird watching and nature trails.<\/p>\n<p data-start=\"4095\" data-end=\"4118\"><strong data-start=\"4095\" data-end=\"4116\">Highlights:<\/strong><\/p>\n<ul data-start=\"4119\" data-end=\"4256\">\n<li data-start=\"4119\" data-end=\"4146\">\n<p data-start=\"4121\" data-end=\"4146\">Sustainable lodging.<\/p>\n<\/li>\n<li data-start=\"4147\" data-end=\"4189\">\n<p data-start=\"4149\" data-end=\"4189\">Hike along the Pipeline Trail.<\/p>\n<\/li>\n<li data-start=\"4190\" data-end=\"4225\">\n<p data-start=\"4192\" data-end=\"4225\">Tropical bird watching.<\/p>\n<\/li>\n<li data-start=\"4226\" data-end=\"4256\">\n<p data-start=\"4228\" data-end=\"4256\">Traditional Panamanian dinner.<\/p>\n<\/li>\n<\/ul>","protected":false},"excerpt":{"rendered":"<p>Summary of the excursion:<br \/>\nSum\u00e9rgete en la selva tropical paname\u00f1a en un retiro ecol\u00f3gico rodeado de biodiversidad y sonidos naturales.<\/p>\n<p><strong data-start=\"3742\" data-end=\"3755\">Duration:<\/strong> 2 days \/ 1 night<\/p>","protected":false},"featured_media":32959,"template":"","meta":{"_acf_changed":false},"product_brand":[],"product_cat":[85],"product_tag":[],"class_list":{"0":"post-32639","1":"product","2":"type-product","3":"status-publish","4":"has-post-thumbnail","6":"product_cat-tours","8":"first","9":"instock","10":"shipping-taxable","11":"purchasable","12":"product-type-simple"},"acf":[],"_links":{"self":[{"href":"https:\/\/elysianjourneys.net\/en\/wp-json\/wp\/v2\/product\/32639","targetHints":{"allow":["GET"]}}],"collection":[{"href":"https:\/\/elysianjourneys.net\/en\/wp-json\/wp\/v2\/product"}],"about":[{"href":"https:\/\/elysianjourneys.net\/en\/wp-json\/wp\/v2\/types\/product"}],"wp:featuredmedia":[{"embeddable":true,"href":"https:\/\/elysianjourneys.net\/en\/wp-json\/wp\/v2\/media\/32959"}],"wp:attachment":[{"href":"https:\/\/elysianjourneys.net\/en\/wp-json\/wp\/v2\/media?parent=32639"}],"wp:term":[{"taxonomy":"product_brand","embeddable":true,"href":"https:\/\/elysianjourneys.net\/en\/wp-json\/wp\/v2\/product_brand?post=32639"},{"taxonomy":"product_cat","embeddable":true,"href":"https:\/\/elysianjourneys.net\/en\/wp-json\/wp\/v2\/product_cat?post=32639"},{"taxonomy":"product_tag","embeddable":true,"href":"https:\/\/elysianjourneys.net\/en\/wp-json\/wp\/v2\/product_tag?post=32639"}],"curies":[{"name":"wp","href":"https:\/\/api.w.org\/{rel}","templated":true}]}}